{"id":1190,"date":"2025-08-18T10:36:16","date_gmt":"2025-08-18T08:36:16","guid":{"rendered":"https:\/\/pcmacb.de\/?page_id=1190"},"modified":"2025-08-18T10:59:40","modified_gmt":"2025-08-18T08:59:40","slug":"automatisches-anschalten-beim-aufklappen-verhindern","status":"publish","type":"page","link":"https:\/\/pcmacb.de\/?page_id=1190","title":{"rendered":"Automatisches Anschalten beim Aufklappen verhindern"},"content":{"rendered":"\n<h4 class=\"wp-block-heading\">Achtung! Nur f\u00fcr Apple Silicon Macs (M1\/M2\/M3, mit<br>macOS Sequoia+<\/h4>\n\n\n\n<p>Komplett deaktivieren. Weder bei Aufklappen, noch beim Anschlie\u00dfend des Ladeger\u00e4tes wird das Macbook angeschaltet<\/p>\n\n\n\n<pre class=\"wp-block-code\"><code>sudo nvram BootPreference=%00<\/code><\/pre>\n\n\n\n<p>Beim Aufklappen Start deaktivieren<\/p>\n\n\n\n<pre class=\"wp-block-code\"><code>sudo nvram BootPreference=%01<\/code><\/pre>\n\n\n\n<p>Den Start ausschlie\u00dflich beim Anschlie\u00dfen ans Stromnetz unterbinden.<\/p>\n\n\n\n<pre class=\"wp-block-code\"><code>sudo nvram BootPreference=%02<\/code><\/pre>\n\n\n\n<p>Alles r\u00fcckg\u00e4ngig machen<\/p>\n\n\n\n<pre class=\"wp-block-code\"><code>sudo nvram -d BootPreference<\/code><\/pre>\n","protected":false},"excerpt":{"rendered":"<p>Achtung! Nur f\u00fcr Apple Silicon Macs (M1\/M2\/M3, mitmacOS Sequoia+ Komplett deaktivieren. Weder bei Aufklappen, noch beim Anschlie\u00dfend des Ladeger\u00e4tes wird das Macbook angeschaltet Beim Aufklappen Start deaktivieren Den Start ausschlie\u00dflich beim Anschlie\u00dfen ans Stromnetz unterbinden. Alles r\u00fcckg\u00e4ngig machen<\/p>\n","protected":false},"author":3,"featured_media":0,"parent":0,"menu_order":0,"comment_status":"closed","ping_status":"closed","template":"","meta":{"_lmt_disableupdate":"","_lmt_disable":"","footnotes":""},"class_list":["post-1190","page","type-page","status-publish","hentry"],"_links":{"self":[{"href":"https:\/\/pcmacb.de\/index.php?rest_route=\/wp\/v2\/pages\/1190","targetHints":{"allow":["GET"]}}],"collection":[{"href":"https:\/\/pcmacb.de\/index.php?rest_route=\/wp\/v2\/pages"}],"about":[{"href":"https:\/\/pcmacb.de\/index.php?rest_route=\/wp\/v2\/types\/page"}],"author":[{"embeddable":true,"href":"https:\/\/pcmacb.de\/index.php?rest_route=\/wp\/v2\/users\/3"}],"replies":[{"embeddable":true,"href":"https:\/\/pcmacb.de\/index.php?rest_route=%2Fwp%2Fv2%2Fcomments&post=1190"}],"version-history":[{"count":3,"href":"https:\/\/pcmacb.de\/index.php?rest_route=\/wp\/v2\/pages\/1190\/revisions"}],"predecessor-version":[{"id":1196,"href":"https:\/\/pcmacb.de\/index.php?rest_route=\/wp\/v2\/pages\/1190\/revisions\/1196"}],"wp:attachment":[{"href":"https:\/\/pcmacb.de\/index.php?rest_route=%2Fwp%2Fv2%2Fmedia&parent=1190"}],"curies":[{"name":"wp","href":"https:\/\/api.w.org\/{rel}","templated":true}]}}