{"id":1246,"date":"2025-09-05T08:40:05","date_gmt":"2025-09-05T06:40:05","guid":{"rendered":"https:\/\/pcmacb.de\/?page_id=1246"},"modified":"2025-09-05T08:40:05","modified_gmt":"2025-09-05T06:40:05","slug":"shell-skripte-als-app","status":"publish","type":"page","link":"https:\/\/pcmacb.de\/?page_id=1246","title":{"rendered":"Shell Skripte als App"},"content":{"rendered":"\n<p>um nicht das terminal \u00f6ffnen zu m\u00fcssen, k\u00f6nnen aus Schell Skripten Apps gebaut werden.<\/p>\n\n\n\n<p><strong><em>Script Editor<\/em><\/strong> \u00f6ffnen, zu finden unter Applications\/Utilities<br>File -> new<\/p>\n\n\n\n<pre class=\"wp-block-code\"><code>do shell script \"\/Users\/user\/Desktop\/VMs\/vmSUSE\/vmSUSE.sh &amp;> \/dev\/null &amp;\"<\/code><\/pre>\n\n\n\n<p>Speicherung als &#8222;Application&#8220;.<\/p>\n","protected":false},"excerpt":{"rendered":"<p>um nicht das terminal \u00f6ffnen zu m\u00fcssen, k\u00f6nnen aus Schell Skripten Apps gebaut werden. Script Editor \u00f6ffnen, zu finden unter Applications\/UtilitiesFile -> new Speicherung als &#8222;Application&#8220;.<\/p>\n","protected":false},"author":3,"featured_media":0,"parent":0,"menu_order":0,"comment_status":"closed","ping_status":"closed","template":"","meta":{"_lmt_disableupdate":"","_lmt_disable":"","footnotes":""},"class_list":["post-1246","page","type-page","status-publish","hentry"],"_links":{"self":[{"href":"https:\/\/pcmacb.de\/index.php?rest_route=\/wp\/v2\/pages\/1246","targetHints":{"allow":["GET"]}}],"collection":[{"href":"https:\/\/pcmacb.de\/index.php?rest_route=\/wp\/v2\/pages"}],"about":[{"href":"https:\/\/pcmacb.de\/index.php?rest_route=\/wp\/v2\/types\/page"}],"author":[{"embeddable":true,"href":"https:\/\/pcmacb.de\/index.php?rest_route=\/wp\/v2\/users\/3"}],"replies":[{"embeddable":true,"href":"https:\/\/pcmacb.de\/index.php?rest_route=%2Fwp%2Fv2%2Fcomments&post=1246"}],"version-history":[{"count":1,"href":"https:\/\/pcmacb.de\/index.php?rest_route=\/wp\/v2\/pages\/1246\/revisions"}],"predecessor-version":[{"id":1247,"href":"https:\/\/pcmacb.de\/index.php?rest_route=\/wp\/v2\/pages\/1246\/revisions\/1247"}],"wp:attachment":[{"href":"https:\/\/pcmacb.de\/index.php?rest_route=%2Fwp%2Fv2%2Fmedia&parent=1246"}],"curies":[{"name":"wp","href":"https:\/\/api.w.org\/{rel}","templated":true}]}}