{"id":1321,"date":"2025-10-03T10:30:53","date_gmt":"2025-10-03T08:30:53","guid":{"rendered":"https:\/\/pcmacb.de\/?page_id=1321"},"modified":"2025-10-03T13:52:23","modified_gmt":"2025-10-03T11:52:23","slug":"apps-fast-vollstaendig-deinstallieren","status":"publish","type":"page","link":"https:\/\/pcmacb.de\/?page_id=1321","title":{"rendered":"Apps (m\u00f6glichst) vollst\u00e4ndig deinstallieren"},"content":{"rendered":"\n<p class=\"has-text-align-left\">Apps, die als pkg oder dmg Dateien angeboten werden, hinterlassen ungefragt viele Spuren im System. Sie von einem Mac wieder zu entfernen ist oft umst\u00e4ndlich. Hier ein Beispiel von einer &#8222;Clickshare&#8220; Einheit. Das Programm \u00f6ffnet sich bei jeder Anmeldung, ist aber nirgends in den Einstellungen unter &#8222;Anmeldeobjekte&#8220; zu finden&#8230;<\/p>\n\n\n\n<p>Die folgende Methode scheint zwar sehr umst\u00e4ndlich zu sein, stellt aber sicher, dass nichts ungewollt gel\u00f6scht wird und das System keinen Schaden nimmt:<\/p>\n\n\n\n<h4 class=\"wp-block-heading\">Im Terminal<\/h4>\n\n\n\n<p>zun\u00e4chst nur nach Dateien suchen, die mit der App im Zusammenhang stehen k\u00f6nnten und sich detailliert auflisten lassen:<\/p>\n\n\n\n<pre class=\"wp-block-code\"><code>find \/System\/Volumes -iname \"*clickshare*\" -exec ls -la {} \\; 2>\/dev\/null<\/code><\/pre>\n\n\n\n<details class=\"wp-block-details has-black-color has-text-color has-background has-link-color has-normal-font-size wp-elements-2fb0c525ecb45c29a8d7306a82a4798a is-layout-flow wp-block-details-is-layout-flow\" style=\"background-color:#f7fdde\"><summary>Klick, um die Fund Liste aufzuklappen<\/summary>\n<blockquote class=\"wp-block-quote is-layout-flow wp-block-quote-is-layout-flow\">\n<p class=\"has-black-color has-text-color has-link-color wp-elements-2ef10b10428e245035f83531b86402ce\" style=\"font-size:8px\">-rw-rw&#8212;-@ 1 root _analyticsusers 51014 Oct 1 14:05 \/System\/Volumes\/Data\/\/Library\/Logs\/DiagnosticReports\/clickshare_2025-10-01-140507_pcmacpro.wakeups_resource.diag<br>total 0<br>drwxr-xr-x@ 5 user staff 160 Oct 1 13:59 .<br>drwx&#8212;&#8212;@ 349 user staff 11168 Oct 1 15:38 ..<br>drwxr-xr-x@ 2 user staff 64 Oct 1 13:59 com.apple.gpuarchiver<br>drwxr-xr-x@ 4 user staff 128 Oct 1 13:59 com.apple.metal<br>drwxr-xr-x@ 4 user staff 128 Oct 1 13:59 com.apple.metalfe<br>total 6416<br>drwxr-xr-x@ 5 user staff 160 Oct 1 13:59 .<br>drwxr-xr-x@ 3 user staff 96 Oct 1 13:59 ..<br>-rw-r&#8211;r&#8211;@ 1 user staff 2227763 Oct 3 11:33 clickshare.log<br>-rw-r&#8211;r&#8211;@ 1 user staff 8028 Oct 3 11:33 presentsense.log<br>-rw-r&#8211;r&#8211;@ 1 user staff 11216 Oct 3 11:33 updater.log<br>-rw-r&#8211;r&#8211;@ 1 user staff 2227763 Oct 3 11:33 \/System\/Volumes\/Data\/\/Users\/user\/Library\/Application Support\/<mark style=\"background-color:rgba(0, 0, 0, 0);color:#ff0000\" class=\"has-inline-color\"><strong>Barco<\/strong><\/mark>\/ClickShare App\/clickshare.log<br>total 0<br>drwx&#8212;&#8212;@ 2 user staff 64 Oct 3 11:33 .<br>drwx&#8212;&#8212;@ 37 user staff 1184 Oct 3 11:33 ..<br>-rw&#8212;&#8212;- 1 user staff 435 Oct 3 11:33 \/System\/Volumes\/Data\/\/Users\/user\/Library\/Preferences\/<strong><mark style=\"background-color:rgba(0, 0, 0, 0);color:#ff0000\" class=\"has-inline-color\">com.barco<\/mark><\/strong>.ClickShare Client.plist<br>total 112<br>drwxr-xr-x@ 5 user staff 160 Oct 1 13:59 .<br>drwx&#8212;&#8212;@ 51 user staff 1632 Oct 1 13:59 ..<br>-rw-r&#8211;r&#8211;@ 1 user staff 4096 Oct 1 13:59 httpstorages.sqlite<br>-rw-r&#8211;r&#8211;@ 1 user staff 32768 Oct 1 13:59 httpstorages.sqlite-shm<br>-rw-r&#8211;r&#8211;@ 1 user staff 16512 Oct 1 13:59 httpstorages.sqlite-wal<br>-rw&#8212;&#8212;-@ 1 user _analyticsusers 6344 Oct 1 13:56 \/System\/Volumes\/Data\/\/Users\/user\/Library\/Logs\/DiagnosticReports\/clickshare-2025-10-01-135649.ips<br>-rw&#8212;&#8212;-@ 1 user _analyticsusers 6344 Oct 1 13:57 \/System\/Volumes\/Data\/\/Users\/user\/Library\/Logs\/DiagnosticReports\/clickshare-2025-10-01-135728.ips<br>-rw&#8212;&#8212;-@ 1 user _analyticsusers 6344 Oct 1 13:56 \/System\/Volumes\/Data\/\/Users\/user\/Library\/Logs\/DiagnosticReports\/clickshare-2025-10-01-135614.ips<br>-rw&#8212;&#8212;-@ 1 user _analyticsusers 6343 Oct 1 13:56 \/System\/Volumes\/Data\/\/Users\/user\/Library\/Logs\/DiagnosticReports\/clickshare-2025-10-01-135605.ips<br>-rw&#8212;&#8212;-@ 1 user _analyticsusers 6344 Oct 1 13:56 \/System\/Volumes\/Data\/\/Users\/user\/Library\/Logs\/DiagnosticReports\/clickshare-2025-10-01-135622.ips<br>-rw&#8212;&#8212;-@ 1 user _analyticsusers 6344 Oct 1 13:56 \/System\/Volumes\/Data\/\/Users\/user\/Library\/Logs\/DiagnosticReports\/clickshare-2025-10-01-135655.ips<br>-rw&#8212;&#8212;-@ 1 user _analyticsusers 6344 Oct 1 13:56 \/System\/Volumes\/Data\/\/Users\/user\/Library\/Logs\/DiagnosticReports\/clickshare-2025-10-01-135652.ips<br>total 0<br>drwxr-xr-x@ 5 user staff 160 Oct 1 13:59 .<br>drwxr-xr-x@ 3 user staff 96 Oct 1 13:59 ..<br>drwxr-xr-x@ 7 user staff 224 Oct 1 13:59 _qt_QGfxShaderBuilder_6.5.8<br>drwxr-xr-x@ 39 user staff 1248 Oct 1 14:00 qmlcache<br>drwxr-xr-x@ 2 user staff 64 Oct 3 11:33 qtpipelinecache-x86_64-little_endian-lp64<br>total 248<br>drwxr-xr-x@ 6 user staff 192 Oct 1 13:59 .<br>drwx&#8212;&#8212;+ 139 user staff 4448 Oct 3 11:32 ..<br>-rw-r&#8211;r&#8211;@ 1 user staff 49152 Oct 1 13:59 Cache.db<br>-rw-r&#8211;r&#8211;@ 1 user staff 32768 Oct 3 11:33 Cache.db-shm<br>-rw-r&#8211;r&#8211;@ 1 user staff 41232 Oct 1 13:59 Cache.db-wal<br>drwxr-xr-x@ 2 user staff 64 Oct 1 13:59 fsCachedData<br>total 0<br>drwxr-xr-x@ 2 user staff 64 Oct 1 13:59 .<br>drwx&#8212;&#8212;+ 139 user staff 4448 Oct 3 11:32 ..<br>total 0<br>drwxr-xr-x@ 3 user staff 96 Oct 3 11:33 .<br>drwxr-x&#8212;+ 43 user staff 1376 Oct 3 11:33 ..<br>drwxr-xr-x@ 3 user staff 96 Jul 30 03:29 clickshare.app<br>total 0<br>drwxr-xr-x@ 3 user staff 96 Jul 30 03:29 .<br>drwxr-xr-x@ 3 user staff 96 Oct 3 11:33 ..<br>drwxr-xr-x@ 8 user staff 256 Jul 30 03:30 Contents<br>-rwxr-xr-x@ 1 user staff 67861792 Jul 30 03:30 \/System\/Volumes\/Data\/\/Users\/user\/.clickshare\/clickshare.app\/Contents\/MacOS\/clickshare<br>-rw-rw-r&#8211;@ 1 user staff 565059 Apr 2 2024 \/System\/Volumes\/Data\/\/Users\/user\/Downloads\/R3306192_67_ApplicationSw\/Knowledge Base 11889- Deploying the ClickShare MacOS App with Microsoft Intune.pdf<br>-rw-rw-r&#8211;@ 1 user staff 205327 Sep 3 2024 \/System\/Volumes\/Data\/\/Users\/user\/Downloads\/R3306192_67_ApplicationSw\/Knowledge Base 13348 &#8211; Creating and Deploying an Intune PPPC profile for ClickShare Desktop for macOS devices.pdf<br>-rw-rw-r&#8211;@ 1 user staff 4171606 Nov 1 2024 \/System\/Volumes\/Data\/\/Users\/user\/Downloads\/R3306192_67_ApplicationSw\/Knowledge Base 13295 &#8211; How can I use the ClickShare Dual Sharing feature (updated).pdf<br>-rw-rw-r&#8211;@ 1 user staff 143573225 Jul 30 09:33 \/System\/Volumes\/Data\/\/Users\/user\/Downloads\/R3306192_67_ApplicationSw\/ClickShare_Setup.dmg<br>total 0<br>drwxr-xr-x@ 3 user admin 96 Jul 30 03:31 .<br>drwxrwxr-x 50 root admin 1600 Oct 3 10:06 ..<br>drwxr-xr-x@ 11 user admin 352 Jul 30 03:31 Contents<br>-rwxr-xr-x@ 1 user admin 128992 Jul 30 03:31 \/System\/Volumes\/Data\/\/Applications\/ClickShare.app\/Contents\/MacOS\/ClickShare<\/p>\n<\/blockquote>\n<\/details>\n\n\n\n<p><\/p>\n\n\n\n<p>Hier f\u00e4llt &#8222;<strong>Barco<\/strong>&#8220; und &#8222;<strong>com.barco<\/strong>&#8220; auf &#8211; geh\u00f6rt wohl dazu und ist offensichtlich der Hersteller vom Clickshare Dongle. Ich suche also speziell danach, zun\u00e4chst ausschlie\u00dflich nach Verzeichnissen, die ich mir anzeigen und den Inhalt auflisten lasse. Um sicher zu gehen, dass nichts \u00fcbersehen wird, wende ich hier root-Rechte an:<\/p>\n\n\n\n<pre class=\"wp-block-code\"><code>sudo find \/System\/Volumes\/Data\/ -type d -iname \"*barco*\" -print -exec ls -la {} \\; 2>\/dev\/null<\/code><\/pre>\n\n\n\n<h2 class=\"wp-block-heading\"><mark style=\"background-color:rgba(0, 0, 0, 0);color:#ff0000\" class=\"has-inline-color\">Vorsicht!<\/mark><\/h2>\n\n\n\n<p>hier werden viele Verzeichnisse mit &#8222;Barcode&#8220; gefunden, die offensichtlich nicht dazu geh\u00f6ren&#8230;!<\/p>\n\n\n\n<details class=\"wp-block-details has-black-color has-text-color has-background has-link-color wp-elements-006bf4aadf912e716ba082ed65283d11 is-layout-flow wp-block-details-is-layout-flow\" style=\"background-color:#f7fdde;font-size:17px\"><summary>Klick, um die Fund Liste aufzuklappen<\/summary>\n<blockquote class=\"wp-block-quote is-layout-flow wp-block-quote-is-layout-flow\">\n<p class=\"has-black-color has-text-color has-link-color wp-elements-adcb89821bb4cdbadcf93190085d6018\" style=\"font-size:9px\">sudo find \/System\/Volumes\/Data\/ -type d -iname &#8222;<em>barco<\/em>&#8220; -print -exec ls -la {} \\; 2>\/dev\/null<br>Password:<br>\/System\/Volumes\/Data\/\/System\/Library\/CoreImage\/CIBarcode.cifilter<br>\/System\/Volumes\/Data\/\/private\/var\/folders\/2w\/rb5qdsq51hbcnl1xp0_d0cmw0000gn\/C\/com.barco.clickshare<br>total 0<br>drwxr-xr-x@ 5 user staff 160 Oct 1 13:59 .<br>drwx&#8212;&#8212;@ 349 user staff 11168 Oct 1 15:38 ..<br>drwxr-xr-x@ 2 user staff 64 Oct 1 13:59 com.apple.gpuarchiver<br>drwxr-xr-x@ 4 user staff 128 Oct 1 13:59 com.apple.metal<br>drwxr-xr-x@ 4 user staff 128 Oct 1 13:59 com.apple.metalfe<br>\/System\/Volumes\/Data\/\/Users\/user\/Library\/Application Support\/Barco<br>total 0<br>drwxr-xr-x@ 3 user staff 96 Oct 1 13:59 .<br>drwx&#8212;&#8212;+ 84 user staff 2688 Oct 3 10:23 ..<br>drwxr-xr-x@ 5 user staff 160 Oct 1 13:59 ClickShare App<br>\/System\/Volumes\/Data\/\/Users\/user\/Library\/Application Support\/librewolf\/Profiles\/atvem5in.default-default\/storage\/default\/https+++www.barco.com<br>total 8<br>drwxr-xr-x@ 4 user staff 128 Oct 2 15:09 .<br>drwxr-xr-x@ 146 user staff 4672 Oct 1 15:53 ..<br>-rw-r&#8211;r&#8211;@ 1 user staff 84 Oct 2 15:09 .metadata-v2<br>drwxr-xr-x@ 4 user staff 128 Oct 1 13:57 ls<br>\/System\/Volumes\/Data\/\/Users\/user\/Library\/Application Support\/librewolf\/Profiles\/atvem5in.default-default\/storage\/default\/https+++challenges.cloudflare.com^partitionKey=%28https%2Cbarco.com%29<br>total 8<br>drwxr-xr-x@ 4 user staff 128 Oct 2 15:09 .<br>drwxr-xr-x@ 146 user staff 4672 Oct 1 15:53 ..<br>-rw-r&#8211;r&#8211;@ 1 user staff 212 Oct 2 15:09 .metadata-v2<br>drwxr-xr-x@ 4 user staff 128 Oct 1 13:57 ls<br>\/System\/Volumes\/Data\/\/Users\/user\/Library\/Saved Application State\/com.barco.clickshare.savedState<br>total 0<br>drwx&#8212;&#8212;@ 2 user staff 64 Oct 3 11:33 .<br>drwx&#8212;&#8212;@ 37 user staff 1184 Oct 3 11:33 ..<br>\/System\/Volumes\/Data\/\/Users\/user\/Library\/HTTPStorages\/com.barco.clickshare.updater<br>total 112<br>drwxr-xr-x@ 5 user staff 160 Oct 1 13:59 .<br>drwx&#8212;&#8212;@ 51 user staff 1632 Oct 1 13:59 ..<br>-rw-r&#8211;r&#8211;@ 1 user staff 4096 Oct 1 13:59 httpstorages.sqlite<br>-rw-r&#8211;r&#8211;@ 1 user staff 32768 Oct 1 13:59 httpstorages.sqlite-shm<br>-rw-r&#8211;r&#8211;@ 1 user staff 16512 Oct 1 13:59 httpstorages.sqlite-wal<br>\/System\/Volumes\/Data\/\/Users\/user\/Library\/Caches\/Barco<br>total 0<br>drwxr-xr-x@ 3 user staff 96 Oct 1 13:59 .<br>drwx&#8212;&#8212;+ 139 user staff 4448 Oct 3 11:32 ..<br>drwxr-xr-x@ 5 user staff 160 Oct 1 13:59 ClickShare App<br>\/System\/Volumes\/Data\/\/Users\/user\/Library\/Caches\/com.barco.clickshare.updater<br>total 248<br>drwxr-xr-x@ 6 user staff 192 Oct 1 13:59 .<br>drwx&#8212;&#8212;+ 139 user staff 4448 Oct 3 11:32 ..<br>-rw-r&#8211;r&#8211;@ 1 user staff 49152 Oct 1 13:59 Cache.db<br>-rw-r&#8211;r&#8211;@ 1 user staff 32768 Oct 3 11:33 Cache.db-shm<br>-rw-r&#8211;r&#8211;@ 1 user staff 41232 Oct 1 13:59 Cache.db-wal<br>drwxr-xr-x@ 2 user staff 64 Oct 1 13:59 fsCachedData<br>\/System\/Volumes\/Data\/\/Users\/user\/Library\/Caches\/com.barco.clickshare.updater.ShipIt<br>total 0<br>drwxr-xr-x@ 2 user staff 64 Oct 1 13:59 .<br>drwx&#8212;&#8212;+ 139 user staff 4448 Oct 3 11:32 ..<\/p>\n<\/blockquote>\n<\/details>\n\n\n\n<p>also verfeinern wir die Suche mit &#8222;<strong>com.barco<\/strong>&#8222;<\/p>\n\n\n\n<pre class=\"wp-block-code\"><code>sudo find \/System\/Volumes\/Data\/ -type d -iname \"*com.barco*\" -print -exec ls -la {} \\; 2>\/dev\/null<\/code><\/pre>\n\n\n\n<details class=\"wp-block-details has-black-color has-text-color has-background has-link-color has-normal-font-size wp-elements-69496829c52d4b030849e42bd49de25c is-layout-flow wp-block-details-is-layout-flow\" style=\"background-color:#f7fdde\"><summary>Klick, um die Fund Liste aufzuklappen<\/summary>\n<blockquote class=\"wp-block-quote is-layout-flow wp-block-quote-is-layout-flow\">\n<p class=\"has-black-color has-text-color has-link-color wp-elements-27163bc26d494a08a15676c47cf19865\" style=\"font-size:10px\">sudo find \/System\/Volumes\/Data\/ -type d -iname &#8222;<em>com.barco<\/em>&#8220; -print -exec ls -la {} \\; 2&gt;\/dev\/null<br>Password:<br>\/System\/Volumes\/Data\/\/private\/var\/folders\/2w\/rb5qdsq51hbcnl1xp0_d0cmw0000gn\/C\/com.barco.clickshare<br>total 0<br>drwxr-xr-x@ 5 user staff 160 Oct 1 13:59 .<br>drwx&#8212;&#8212;@ 349 user staff 11168 Oct 1 15:38 ..<br>drwxr-xr-x@ 2 user staff 64 Oct 1 13:59 com.apple.gpuarchiver<br>drwxr-xr-x@ 4 user staff 128 Oct 1 13:59 com.apple.metal<br>drwxr-xr-x@ 4 user staff 128 Oct 1 13:59 com.apple.metalfe<br>\/System\/Volumes\/Data\/\/Users\/user\/Library\/Saved Application State\/com.barco.clickshare.savedState<br>total 0<br>drwx&#8212;&#8212;@ 2 user staff 64 Oct 3 11:33 .<br>drwx&#8212;&#8212;@ 37 user staff 1184 Oct 3 11:33 ..<br>\/System\/Volumes\/Data\/\/Users\/user\/Library\/HTTPStorages\/com.barco.clickshare.updater<br>total 112<br>drwxr-xr-x@ 5 user staff 160 Oct 1 13:59 .<br>drwx&#8212;&#8212;@ 51 user staff 1632 Oct 1 13:59 ..<br>-rw-r&#8211;r&#8211;@ 1 user staff 4096 Oct 1 13:59 httpstorages.sqlite<br>-rw-r&#8211;r&#8211;@ 1 user staff 32768 Oct 1 13:59 httpstorages.sqlite-shm<br>-rw-r&#8211;r&#8211;@ 1 user staff 16512 Oct 1 13:59 httpstorages.sqlite-wal<br>\/System\/Volumes\/Data\/\/Users\/user\/Library\/Caches\/com.barco.clickshare.updater<br>total 248<br>drwxr-xr-x@ 6 user staff 192 Oct 1 13:59 .<br>drwx&#8212;&#8212;+ 139 user staff 4448 Oct 3 11:32 ..<br>-rw-r&#8211;r&#8211;@ 1 user staff 49152 Oct 1 13:59 Cache.db<br>-rw-r&#8211;r&#8211;@ 1 user staff 32768 Oct 3 11:33 Cache.db-shm<br>-rw-r&#8211;r&#8211;@ 1 user staff 41232 Oct 1 13:59 Cache.db-wal<br>drwxr-xr-x@ 2 user staff 64 Oct 1 13:59 fsCachedData<br>\/System\/Volumes\/Data\/\/Users\/user\/Library\/Caches\/com.barco.clickshare.updater.ShipIt<br>total 0<\/p>\n<\/blockquote>\n<\/details>\n\n\n\n<p>Da es sich hier nur um Verzeichnisse vom Clickshare handelt, k\u00f6nnen wir die im n\u00e4chsten Schritt l\u00f6schen &#8222;<strong>-ri<\/strong>&#8220; steht f\u00fcr recursive interactive, das hei\u00dft, jedes Verzeichnis bedarf vor dem L\u00f6schen einer Best\u00e4tigung:<\/p>\n\n\n\n<pre class=\"wp-block-code\"><code>sudo find \/System\/Volumes\/Data\/ -type d -iname \"*com.barco*\" -exec rm -ri {} \\; 2>\/dev\/null<\/code><\/pre>\n\n\n\n<p>Weiter mit dem Begriff &#8222;clickshare&#8220;<\/p>\n\n\n\n<pre class=\"wp-block-code\"><code>sudo find \/System\/Volumes\/Data\/ -type d -iname \"*clickshare*\" -print -exec ls -la {} \\; 2>\/dev\/null<\/code><\/pre>\n\n\n\n<details class=\"wp-block-details has-black-color has-text-color has-background has-link-color has-normal-font-size wp-elements-2da60f1604e5249f63da8dc8aa6660af is-layout-flow wp-block-details-is-layout-flow\" style=\"background-color:#f7fdde\"><summary>Klick, um die Fund Liste aufzuklappen<\/summary>\n<blockquote class=\"wp-block-quote is-layout-flow wp-block-quote-is-layout-flow\">\n<p class=\"has-black-color has-text-color has-link-color wp-elements-cd04b4dfcf3a85f3e479ee8a72aa6010\" style=\"font-size:10px\">sudo find \/System\/Volumes\/Data\/ -type d -iname &#8222;<em>clickshare<\/em>&#8220; -print -exec ls -la {} \\; 2>\/dev\/null<br>\/System\/Volumes\/Data\/\/Users\/user\/Library\/Application Support\/Barco\/ClickShare App<br>total 4392<br>drwxr-xr-x@ 5 user staff 160 Oct 1 13:59 .<br>drwxr-xr-x@ 3 user staff 96 Oct 1 13:59 ..<br>-rw-r&#8211;r&#8211;@ 1 user staff 2227763 Oct 3 11:33 clickshare.log<br>-rw-r&#8211;r&#8211;@ 1 user staff 8028 Oct 3 11:33 presentsense.log<br>-rw-r&#8211;r&#8211;@ 1 user staff 11216 Oct 3 11:33 updater.log<br>\/System\/Volumes\/Data\/\/Users\/user\/Library\/Caches\/Barco\/ClickShare App<br>total 0<br>drwxr-xr-x@ 5 user staff 160 Oct 1 13:59 .<br>drwxr-xr-x@ 3 user staff 96 Oct 1 13:59 ..<br>drwxr-xr-x@ 7 user staff 224 Oct 1 13:59 _qt_QGfxShaderBuilder_6.5.8<br>drwxr-xr-x@ 39 user staff 1248 Oct 1 14:00 qmlcache<br>drwxr-xr-x@ 2 user staff 64 Oct 3 11:33 qtpipelinecache-x86_64-little_endian-lp64<br>\/System\/Volumes\/Data\/\/Users\/user\/.clickshare<br>total 0<br>drwxr-xr-x@ 3 user staff 96 Oct 3 11:33 .<br>drwxr-x&#8212;+ 43 user staff 1376 Oct 3 11:33 ..<br>drwxr-xr-x@ 3 user staff 96 Jul 30 03:29 clickshare.app<br>\/System\/Volumes\/Data\/\/Users\/user\/.clickshare\/clickshare.app<br>total 0<br>drwxr-xr-x@ 3 user staff 96 Jul 30 03:29 .<br>drwxr-xr-x@ 3 user staff 96 Oct 3 11:33 ..<br>drwxr-xr-x@ 8 user staff 256 Jul 30 03:30 Contents<br>\/System\/Volumes\/Data\/\/Applications\/ClickShare.app<br>total 0<br>drwxr-xr-x@ 3 user admin 96 Jul 30 03:31 .<br>drwxrwxr-x 50 root admin 1600 Oct 3 10:06 ..<br>drwxr-xr-x@ 11 user admin 352 Jul 30 03:31 Contents<\/p>\n<\/blockquote>\n<\/details>\n\n\n\n<p>Hier f\u00e4llt auf, dass es noch Ordner mit dem Namen &#8222;Barco&#8220; gibt, die ich zun\u00e4chst manuell l\u00f6sche:<\/p>\n\n\n\n<pre class=\"wp-block-code\"><code>rm -rf \/System\/Volumes\/Data\/\/Users\/user\/Library\/Application\\ Support\/Barco\nrm -rf \/System\/Volumes\/Data\/\/Users\/user\/Library\/Caches\/Barco\nrm -rf \/System\/Volumes\/Data\/\/Users\/user\/Library\/Caches\/Barco\nrm -rf \/System\/Volumes\/Data\/\/Users\/user\/.clickshare\nrm -rf \/System\/Volumes\/Data\/\/Applications\/ClickShare.app<\/code><\/pre>\n\n\n\n<pre class=\"wp-block-code\"><code>sudo find \/System\/Volumes\/Data\/ -type f -iname \"*clickshare*\" 2>\/dev\/null<\/code><\/pre>\n\n\n\n<blockquote class=\"wp-block-quote is-layout-flow wp-block-quote-is-layout-flow\">\n<details class=\"wp-block-details has-black-color has-text-color has-background has-link-color has-normal-font-size wp-elements-cc00acddf304515bdd08f55d4140101a is-layout-flow wp-block-details-is-layout-flow\" style=\"background-color:#f7fdde\"><summary>Klick, um die Fund Liste aufzuklappen<\/summary>\n<p class=\"has-black-color has-text-color has-link-color wp-elements-ad941d590ce073e8e3b20cf02f57da6c\" style=\"font-size:10px\">sudo find \/System\/Volumes\/Data\/ -type f -iname &#8222;<em>clickshare<\/em>&#8220; 2&gt;\/dev\/null<br>\/System\/Volumes\/Data\/\/Library\/Logs\/DiagnosticReports\/clickshare_2025-10-01-140507_pcmacpro.wakeups_resource.diag<br>\/System\/Volumes\/Data\/\/Users\/user\/Library\/Preferences\/com.barco.ClickShare Client.plist<br>\/System\/Volumes\/Data\/\/Users\/user\/Library\/Logs\/DiagnosticReports\/clickshare-2025-10-01-135649.ips<br>\/System\/Volumes\/Data\/\/Users\/user\/Library\/Logs\/DiagnosticReports\/clickshare-2025-10-01-135728.ips<br>\/System\/Volumes\/Data\/\/Users\/user\/Library\/Logs\/DiagnosticReports\/clickshare-2025-10-01-135614.ips<br>\/System\/Volumes\/Data\/\/Users\/user\/Library\/Logs\/DiagnosticReports\/clickshare-2025-10-01-135605.ips<br>\/System\/Volumes\/Data\/\/Users\/user\/Library\/Logs\/DiagnosticReports\/clickshare-2025-10-01-135622.ips<br>\/System\/Volumes\/Data\/\/Users\/user\/Library\/Logs\/DiagnosticReports\/clickshare-2025-10-01-135655.ips<br>\/System\/Volumes\/Data\/\/Users\/user\/Library\/Logs\/DiagnosticReports\/clickshare-2025-10-01-135652.ips<br>\/System\/Volumes\/Data\/\/Users\/user\/Downloads\/R3306192_67_ApplicationSw\/Knowledge Base 11889- Deploying the ClickShare MacOS App with Microsoft Intune.pdf<br>\/System\/Volumes\/Data\/\/Users\/user\/Downloads\/R3306192_67_ApplicationSw\/Knowledge Base 13348 &#8211; Creating and Deploying an Intune PPPC profile for ClickShare Desktop for macOS devices.pdf<br>\/System\/Volumes\/Data\/\/Users\/user\/Downloads\/R3306192_67_ApplicationSw\/Knowledge Base 13295 &#8211; How can I use the ClickShare Dual Sharing feature (updated).pdf<br>\/System\/Volumes\/Data\/\/Users\/user\/Downloads\/R3306192_67_ApplicationSw\/ClickShare_Setup.dmg<\/p>\n<\/details>\n<\/blockquote>\n\n\n\n<pre class=\"wp-block-code\"><code>rm -i \/System\/Volumes\/Data\/\/Library\/Logs\/DiagnosticReports\/clickshare*\nrm -i \/System\/Volumes\/Data\/\/Users\/user\/Library\/Logs\/DiagnosticReports\/clickshare*<\/code><\/pre>\n\n\n\n<p>nach Resten weitersuchen und manuell l\u00f6schen &#8211; das sollte es dann gewesen sein<\/p>\n\n\n\n<pre class=\"wp-block-code\"><code>sudo find \/System\/Volumes\/ -iname \"*com.barco*\" 2>\/dev\/null\nsudo find \/System\/Volumes\/ -iname \"*clickshare*\" 2>\/dev\/null<\/code><\/pre>\n","protected":false},"excerpt":{"rendered":"<p>Apps, die als pkg oder dmg Dateien angeboten werden, hinterlassen ungefragt viele Spuren im System. Sie von einem Mac wieder zu entfernen ist oft umst\u00e4ndlich. Hier ein Beispiel von einer &#8222;Clickshare&#8220; Einheit. Das Programm \u00f6ffnet sich bei jeder Anmeldung, ist <a class=\"more-link\" href=\"https:\/\/pcmacb.de\/?page_id=1321\">weiterlesen&#8230;<\/a><\/p>\n","protected":false},"author":3,"featured_media":0,"parent":0,"menu_order":0,"comment_status":"closed","ping_status":"closed","template":"","meta":{"_lmt_disableupdate":"","_lmt_disable":"","footnotes":""},"class_list":["post-1321","page","type-page","status-publish","hentry"],"_links":{"self":[{"href":"https:\/\/pcmacb.de\/index.php?rest_route=\/wp\/v2\/pages\/1321","targetHints":{"allow":["GET"]}}],"collection":[{"href":"https:\/\/pcmacb.de\/index.php?rest_route=\/wp\/v2\/pages"}],"about":[{"href":"https:\/\/pcmacb.de\/index.php?rest_route=\/wp\/v2\/types\/page"}],"author":[{"embeddable":true,"href":"https:\/\/pcmacb.de\/index.php?rest_route=\/wp\/v2\/users\/3"}],"replies":[{"embeddable":true,"href":"https:\/\/pcmacb.de\/index.php?rest_route=%2Fwp%2Fv2%2Fcomments&post=1321"}],"version-history":[{"count":41,"href":"https:\/\/pcmacb.de\/index.php?rest_route=\/wp\/v2\/pages\/1321\/revisions"}],"predecessor-version":[{"id":1390,"href":"https:\/\/pcmacb.de\/index.php?rest_route=\/wp\/v2\/pages\/1321\/revisions\/1390"}],"wp:attachment":[{"href":"https:\/\/pcmacb.de\/index.php?rest_route=%2Fwp%2Fv2%2Fmedia&parent=1321"}],"curies":[{"name":"wp","href":"https:\/\/api.w.org\/{rel}","templated":true}]}}