{"id":180,"date":"2020-08-24T17:38:21","date_gmt":"2020-08-24T15:38:21","guid":{"rendered":"https:\/\/pcmacsb.de\/?page_id=180"},"modified":"2023-01-02T15:15:45","modified_gmt":"2023-01-02T14:15:45","slug":"vm-ware-player","status":"publish","type":"page","link":"https:\/\/pcmacb.de\/?page_id=180","title":{"rendered":"VMware \/ VirtualBox"},"content":{"rendered":"\n<h2 class=\"wp-block-heading\">Module k\u00f6nnen nicht installiert werden<\/h2>\n\n\n\n<pre class=\"wp-block-code\"><code># vmplayer -v\nNo protocol specified\nNo protocol specified\nI\/O warning : failed to load external entity \"\/etc\/vmware\/hostd\/proxy.xml\"\nVMware Player 15.5.6 build-16341506\n# wget https:\/\/github.com\/mkubecek\/vmware-host-modules\/archive\/workstation-15.5.6.tar.gz\n# tar xf workstation-15.5.6.tar.gz\n# tar -cf vmmon.tar vmmon-only\n# tar -cf vmnet.tar vmnet-only\n# cp -v vmmon.tar vmnet.tar \/usr\/lib\/vmware\/modules\/source\/\n# vmware-modconfig --console --install-all\n<\/code><\/pre>\n\n\n\n<h2 class=\"wp-block-heading\">Physische Festplatten direkt in die VM einbinden<\/h2>\n\n\n\n<ul class=\"wp-block-list\"><li>Die Festplatte muss auf einen verf\u00fcgbaren Pfad verweisen, der keine Leerzeichen enthalten sollte<\/li><\/ul>\n\n\n\n<pre class=\"wp-block-code\"><code>mkdir \/home\/Username\/HDD<\/code><\/pre>\n\n\n\n<ul class=\"wp-block-list\"><li>Der vbox-Benutzer muss Mitglied in der Gruppe &#8222;disk&#8220; sein<\/li><\/ul>\n\n\n\n<pre class=\"wp-block-code\"><code>usermod -a -G disk Username<\/code><\/pre>\n\n\n\n<ul class=\"wp-block-list\"><li>&#8222;Verlinkung&#8220; der Festplatte:<\/li><\/ul>\n\n\n\n<pre class=\"wp-block-code\"><code>VBoxManage internalcommands createrawvmdk -filename \"\/home\/Username\/HDD\/sdb1.vmdk\" -rawdisk \/dev\/sdb1<\/code><\/pre>\n\n\n\n<ul class=\"wp-block-list\"><li>nun kann die Festplatte in die Maschine eingebunden werden.<\/li><\/ul>\n\n\n\n<h2 class=\"wp-block-heading\">Aufsplitten der Festplatten-Datei in 2GB &#8222;chunks&#8220;<\/h2>\n\n\n\n<pre class=\"wp-block-code\"><code>vboxmanage clonehd \/pfad\/zu\/VirtHDD.vdi \/pfad\/zu\/VirtHDD.vmdk --format vmdk --variant Split2G<\/code><\/pre>\n\n\n\n<h2 class=\"wp-block-heading\">Compact (komprimieren)<\/h2>\n\n\n\n<h4 class=\"wp-block-heading\">Windows Guest<\/h4>\n\n\n\n<ul class=\"wp-block-list\"><li>Tool <strong>smanage<\/strong> im laufenden <strong>virtuellen<\/strong> Windows System (Guest):<\/li><\/ul>\n\n\n\n<ul class=\"wp-block-list\"><li>Im Internet nach &#8222;sysinternals\/downloads\/sdelete&#8220; suchen, in der VM nach C: entpacken und im CMD-Fenster<\/li><\/ul>\n\n\n\n<pre class=\"wp-block-code\"><code>sdelete.exe -Z C:<\/code><\/pre>\n\n\n\n<ul class=\"wp-block-list\"><li>Windows herunterfahren und\u00a0<\/li><\/ul>\n\n\n\n<pre class=\"wp-block-code\"><code>VBoxManage modifyhd \/Pfad\/zur\/VDI\/MeinVirtuellerPC.vdi --compact<\/code><\/pre>\n\n\n\n<ul class=\"wp-block-list\"><li>Ein zweiter Weg ist der \u00fcber den Befehl \u201e<strong>clonehd<\/strong>\u201c<\/li><\/ul>\n\n\n\n<pre class=\"wp-block-code\"><code>VBoxManage clonehd &lt;VM-Datei_1&gt;.vdi &lt;VM-Datei_2&gt;.vdi<\/code><\/pre>\n\n\n\n<ul class=\"wp-block-list\"><li>Wird dieser Weg gew\u00e4hlt, muss die neue VDI Datei (&lt;VM-Datei_2>.vdi) in das System eingebunden werden.<\/li><\/ul>\n\n\n\n<h2 class=\"wp-block-heading\">Gr\u00f6\u00dfe der HDD \u00e4ndern<\/h2>\n\n\n\n<pre class=\"wp-block-code\"><code>VBoxManage modifyhd \/home\/Username\/pfadzurhdd\/VFestplatte.vdi --resize 45960<\/code><\/pre>\n\n\n\n<h2 class=\"wp-block-heading\">Snapshot l\u00e4sst sich nicht l\u00f6schen; zu wenig Platz auf der HDD<\/h2>\n\n\n\n<ul class=\"wp-block-list\"><li>eine gro\u00dfe Festplatte im System finden\/anschlie\u00dfen<\/li><li>den Ordner Snapshots dort hin synchronisieren<\/li><li>danach den Ordner im Oiginal VM-Verzeichnis l\u00f6schen und einen Symlink auf den kopierten Ordner anlegen<\/li><\/ul>\n\n\n\n<pre class=\"wp-block-code\"><code>ln -s \/gro\u00dfe\/Platte\/copiedSnapshots \/home\/user\/VM-Verz\/Snapshots<\/code><\/pre>\n\n\n\n<ul class=\"wp-block-list\"><li>VirtualBox starten und den Snapshot l\u00f6schen, jetzt geht das.<\/li><\/ul>\n\n\n\n<p><\/p>\n\n\n\n<h2 class=\"wp-block-heading\">Systemd Dienst f\u00fcr den automatischen Start einrichten<\/h2>\n\n\n\n<pre class=\"wp-block-code\"><code>nano \/etc\/systemd\/system\/vmname.service<\/code><\/pre>\n\n\n\n<pre class=\"wp-block-code\"><code>&#91;Unit]\nDescription=vmname\nAfter=network.target virtualbox.service dnsmasq.service\nBefore=runlevel2.target shutdown.target\n\n&#91;Service]\nUser=benutzerdermaschine\nGroup=vboxusers\nType=forking\nRestart=no\nTimeoutSec=5min\nIgnoreSIGPIPE=no\nKillMode=process\nKillSignal=SIGWINCH\nTimeoutStopSec=180\nGuessMainPID=no\nRemainAfterExit=yes\n\nExecStart=\/usr\/bin\/VBoxManage startvm vmname --type headless\nExecStop=\/usr\/bin\/VBoxManage controlvm vmname acpipowerbutton\n\n&#91;Install]\nWantedBy=multi-user.target<\/code><\/pre>\n\n\n\n<pre class=\"wp-block-code\"><code>nano \/etc\/vbox\/vbox.cfg<\/code><\/pre>\n\n\n\n<pre class=\"wp-block-code\"><code>## Default policy is to deny starting a VM, the other option is \"allow\".\ndefault_policy = deny\n\n## Create an entry for each user allowed to run autostart\nbenutzerdermaschine={\nallow=true\n}<\/code><\/pre>\n\n\n\n<p>Als User benutzerdermaschine<\/p>\n\n\n\n<pre class=\"wp-block-code\"><code>VBoxManage setproperty autostartdbpath \/etc\/vbox\nVBoxManage modifyvm \"NAME_DER_VM\" --autostart-enabled on<\/code><\/pre>\n\n\n\n<p>Als User root<\/p>\n\n\n\n<pre class=\"wp-block-code\"><code>VBoxManage setproperty autostartdbpath \/etc\/vbox\n\nsystemctl enable vmname.service<\/code><\/pre>\n\n\n\n<h2 class=\"wp-block-heading\">Gemeinsame Ordner f\u00fcr Linux User im Gast einrichten<\/h2>\n\n\n\n<p>im Men\u00fc unter Ger\u00e4te -&gt; Gemeinsame Ordner einen Ordner freigeben. Der ist leider im Gast nur f\u00fcr root les- und schreibbar. Abhilfe mit:<\/p>\n\n\n\n<pre class=\"wp-block-code\"><code>usermod -a -G vboxsf gastuser<\/code><\/pre>\n\n\n\n<p>nach einem Neustart kann der Ordner genutzt werden.<\/p>\n\n\n\n<h2 class=\"wp-block-heading\">Qt FATAL: FATAL: The application binary appears to be running setuid, this is a security hole.<\/h2>\n\n\n\n<pre class=\"wp-block-code\"><code>chmod 4755 \/usr\/lib\/virtualbox\/{VBox{Headless,Net{AdpCtl,DHCP,NAT},SDL,VolInfo},VirtualBoxVM}\nchmod 0755 \/usr\/lib\/virtualbox\/{VBox{Headless,Net{AdpCtl,DHCP,NAT},SDL,VolInfo},VirtualBox}<\/code><\/pre>\n\n\n\n<h2 class=\"wp-block-heading\">Extension_Pack von Konsole installieren<\/h2>\n\n\n\n<pre class=\"wp-block-code\"><code>VBoxManage extpack install \/home\/user\/Download\/ExtensionFILE --replace<\/code><\/pre>\n","protected":false},"excerpt":{"rendered":"<p>Module k\u00f6nnen nicht installiert werden Physische Festplatten direkt in die VM einbinden Die Festplatte muss auf einen verf\u00fcgbaren Pfad verweisen, der keine Leerzeichen enthalten sollte Der vbox-Benutzer muss Mitglied in der Gruppe &#8222;disk&#8220; sein &#8222;Verlinkung&#8220; der Festplatte: nun kann die <a class=\"more-link\" href=\"https:\/\/pcmacb.de\/?page_id=180\">weiterlesen&#8230;<\/a><\/p>\n","protected":false},"author":3,"featured_media":0,"parent":79,"menu_order":0,"comment_status":"closed","ping_status":"closed","template":"","meta":{"_lmt_disableupdate":"","_lmt_disable":"","footnotes":""},"class_list":["post-180","page","type-page","status-publish","hentry"],"_links":{"self":[{"href":"https:\/\/pcmacb.de\/index.php?rest_route=\/wp\/v2\/pages\/180","targetHints":{"allow":["GET"]}}],"collection":[{"href":"https:\/\/pcmacb.de\/index.php?rest_route=\/wp\/v2\/pages"}],"about":[{"href":"https:\/\/pcmacb.de\/index.php?rest_route=\/wp\/v2\/types\/page"}],"author":[{"embeddable":true,"href":"https:\/\/pcmacb.de\/index.php?rest_route=\/wp\/v2\/users\/3"}],"replies":[{"embeddable":true,"href":"https:\/\/pcmacb.de\/index.php?rest_route=%2Fwp%2Fv2%2Fcomments&post=180"}],"version-history":[{"count":9,"href":"https:\/\/pcmacb.de\/index.php?rest_route=\/wp\/v2\/pages\/180\/revisions"}],"predecessor-version":[{"id":681,"href":"https:\/\/pcmacb.de\/index.php?rest_route=\/wp\/v2\/pages\/180\/revisions\/681"}],"up":[{"embeddable":true,"href":"https:\/\/pcmacb.de\/index.php?rest_route=\/wp\/v2\/pages\/79"}],"wp:attachment":[{"href":"https:\/\/pcmacb.de\/index.php?rest_route=%2Fwp%2Fv2%2Fmedia&parent=180"}],"curies":[{"name":"wp","href":"https:\/\/api.w.org\/{rel}","templated":true}]}}