{"id":513,"date":"2020-10-28T11:27:29","date_gmt":"2020-10-28T10:27:29","guid":{"rendered":"https:\/\/pcmacb.de\/?page_id=513"},"modified":"2023-07-06T16:55:04","modified_gmt":"2023-07-06T14:55:04","slug":"keepass-in-debian","status":"publish","type":"page","link":"https:\/\/pcmacb.de\/?page_id=513","title":{"rendered":"KeePass in Linux Systemen"},"content":{"rendered":"\n<p>KeePass ist ein beliebtes kleines Programm, mit dem Passw\u00f6rter verschl\u00fcsselt verwaltet werden k\u00f6nnen. Mittlerweile empfehle ich <a rel=\"noreferrer noopener\" href=\"https:\/\/keepassxc.org\/\" target=\"_blank\">keepassXC<\/a>, das l\u00e4uft auf allen Systemen &#8222;out of the box&#8220; ohne die Mono Umgebung und die mittlerweile \u00fcbliche zweistufen Authentifizierung mit OTP ist ohne Plugin integriert.<\/p>\n\n\n\n<h6 class=\"wp-block-heading\">Trotzdem hier noch die Mono Kultur f\u00fcr Menschen, die sich nicht von alten Gewohnheiten trennen m\u00f6chten:<\/h6>\n\n\n\n<p><a rel=\"noreferrer noopener\" href=\"https:\/\/sourceforge.net\/projects\/keepass\/files\/KeePass%202.x\/\" target=\"_blank\">Herunterladen der KeePass <strong>ZIP Datei<\/strong> bei sourceforge<\/a> und extrahieren. &#8222;mono&#8220; muss installiert sein. Im Terminal:<\/p>\n\n\n\n<p><\/p>\n\n\n\n<pre class=\"wp-block-code\"><code>user@machine:~$ mono \/home\/user\/Downloads\/KeePass-X.XX\/KeePass.exe<\/code><\/pre>\n\n\n\n<p>startet keepass. F\u00fcr manche Plugins muss das Paket <strong><em>Mono-Complete<\/em><\/strong> installiert sein.<\/p>\n\n\n\n<h6 class=\"wp-block-heading\">DEB<\/h6>\n\n\n\n<pre class=\"wp-block-code\"><code>apt install mono-complete<\/code><\/pre>\n\n\n\n<h6 class=\"wp-block-heading\">RPM<\/h6>\n\n\n\n<pre class=\"wp-block-code\"><code>zypper in mono-complete<\/code><\/pre>\n","protected":false},"excerpt":{"rendered":"<p>KeePass ist ein beliebtes kleines Programm, mit dem Passw\u00f6rter verschl\u00fcsselt verwaltet werden k\u00f6nnen. Mittlerweile empfehle ich keepassXC, das l\u00e4uft auf allen Systemen &#8222;out of the box&#8220; ohne die Mono Umgebung und die mittlerweile \u00fcbliche zweistufen Authentifizierung mit OTP ist ohne <a class=\"more-link\" href=\"https:\/\/pcmacb.de\/?page_id=513\">weiterlesen&#8230;<\/a><\/p>\n","protected":false},"author":3,"featured_media":0,"parent":0,"menu_order":0,"comment_status":"closed","ping_status":"closed","template":"","meta":{"_lmt_disableupdate":"","_lmt_disable":"","footnotes":""},"class_list":["post-513","page","type-page","status-publish","hentry"],"_links":{"self":[{"href":"https:\/\/pcmacb.de\/index.php?rest_route=\/wp\/v2\/pages\/513","targetHints":{"allow":["GET"]}}],"collection":[{"href":"https:\/\/pcmacb.de\/index.php?rest_route=\/wp\/v2\/pages"}],"about":[{"href":"https:\/\/pcmacb.de\/index.php?rest_route=\/wp\/v2\/types\/page"}],"author":[{"embeddable":true,"href":"https:\/\/pcmacb.de\/index.php?rest_route=\/wp\/v2\/users\/3"}],"replies":[{"embeddable":true,"href":"https:\/\/pcmacb.de\/index.php?rest_route=%2Fwp%2Fv2%2Fcomments&post=513"}],"version-history":[{"count":9,"href":"https:\/\/pcmacb.de\/index.php?rest_route=\/wp\/v2\/pages\/513\/revisions"}],"predecessor-version":[{"id":833,"href":"https:\/\/pcmacb.de\/index.php?rest_route=\/wp\/v2\/pages\/513\/revisions\/833"}],"wp:attachment":[{"href":"https:\/\/pcmacb.de\/index.php?rest_route=%2Fwp%2Fv2%2Fmedia&parent=513"}],"curies":[{"name":"wp","href":"https:\/\/api.w.org\/{rel}","templated":true}]}}