{"id":712,"date":"2023-05-26T07:26:52","date_gmt":"2023-05-26T05:26:52","guid":{"rendered":"https:\/\/pcmacb.de\/?page_id=712"},"modified":"2023-06-19T11:44:45","modified_gmt":"2023-06-19T09:44:45","slug":"flatpak","status":"publish","type":"page","link":"https:\/\/pcmacb.de\/?page_id=712","title":{"rendered":"Flatpak"},"content":{"rendered":"\n<p>Tipps zu Flatpak Installationen<br>Flatpak ist eine mittlerweile popul\u00e4re Sammlung von unz\u00e4hligen Anwendungen, die in praktisch alle Linux Desktop Systeme eingebunden werden k\u00f6nnen. Was es da alles gibt, l\u00e4sst sich unter <a href=\"https:\/\/flathub.org\/\" target=\"_blank\" rel=\"noreferrer noopener\">https:\/\/flathub.org\/<\/a> ergr\u00fcnden<\/p>\n\n\n\n<p>Alle Daten und &#8222;Apps&#8220; werden unter $HOME\/.var\/app\/ gespeichert. Man kann Sicherungen der Benutzerdaten von hier kopieren und auf anderen Systemen problemlos einbinden.<\/p>\n\n\n\n<p>Installieren lassen sich die Programme mit Befehlen, die sich direkt von der Website in die Konsole kopieren lassen, etwa wie<\/p>\n\n\n\n<pre class=\"wp-block-code\"><code>flatpak install flathub com.github.Eloston.UngoogledChromium<\/code><\/pre>\n\n\n\n<pre class=\"wp-block-code\"><code>flatpak list\nflatpak update\n# mit Optionen:\nflatpak --columns=app,name,size,installation list\n\n# und Aufr\u00e4umen:\nflatpak uninstall --unused\n# und gelegentlich den Cache leeren\nbash -c \"! pgrep -x flatpak &amp;&amp; rm -r \/var\/tmp\/flatpak-cache-*\"<\/code><\/pre>\n\n\n\n<p><\/p>\n\n\n\n<p><\/p>\n","protected":false},"excerpt":{"rendered":"<p>Tipps zu Flatpak InstallationenFlatpak ist eine mittlerweile popul\u00e4re Sammlung von unz\u00e4hligen Anwendungen, die in praktisch alle Linux Desktop Systeme eingebunden werden k\u00f6nnen. Was es da alles gibt, l\u00e4sst sich unter https:\/\/flathub.org\/ ergr\u00fcnden Alle Daten und &#8222;Apps&#8220; werden unter $HOME\/.var\/app\/ gespeichert. <a class=\"more-link\" href=\"https:\/\/pcmacb.de\/?page_id=712\">weiterlesen&#8230;<\/a><\/p>\n","protected":false},"author":3,"featured_media":0,"parent":0,"menu_order":0,"comment_status":"closed","ping_status":"closed","template":"","meta":{"_lmt_disableupdate":"","_lmt_disable":"","footnotes":""},"class_list":["post-712","page","type-page","status-publish","hentry"],"_links":{"self":[{"href":"https:\/\/pcmacb.de\/index.php?rest_route=\/wp\/v2\/pages\/712","targetHints":{"allow":["GET"]}}],"collection":[{"href":"https:\/\/pcmacb.de\/index.php?rest_route=\/wp\/v2\/pages"}],"about":[{"href":"https:\/\/pcmacb.de\/index.php?rest_route=\/wp\/v2\/types\/page"}],"author":[{"embeddable":true,"href":"https:\/\/pcmacb.de\/index.php?rest_route=\/wp\/v2\/users\/3"}],"replies":[{"embeddable":true,"href":"https:\/\/pcmacb.de\/index.php?rest_route=%2Fwp%2Fv2%2Fcomments&post=712"}],"version-history":[{"count":7,"href":"https:\/\/pcmacb.de\/index.php?rest_route=\/wp\/v2\/pages\/712\/revisions"}],"predecessor-version":[{"id":759,"href":"https:\/\/pcmacb.de\/index.php?rest_route=\/wp\/v2\/pages\/712\/revisions\/759"}],"wp:attachment":[{"href":"https:\/\/pcmacb.de\/index.php?rest_route=%2Fwp%2Fv2%2Fmedia&parent=712"}],"curies":[{"name":"wp","href":"https:\/\/api.w.org\/{rel}","templated":true}]}}