{"id":954,"date":"2023-09-19T08:47:04","date_gmt":"2023-09-19T06:47:04","guid":{"rendered":"https:\/\/pcmacb.de\/?page_id=954"},"modified":"2023-09-19T08:47:05","modified_gmt":"2023-09-19T06:47:05","slug":"touchpad-aus-anschalten-per-tastaturkurzbefehl","status":"publish","type":"page","link":"https:\/\/pcmacb.de\/?page_id=954","title":{"rendered":"Touchpad aus\/anschalten per Tastaturkurzbefehl"},"content":{"rendered":"\n<p>Touchpads k\u00f6nnen sich sehr st\u00f6rend verhalten. Deshalb habe ich ein kleines Script erstellt, das man per KDE\/Plasma-Kurzbefehl ausf\u00fchren kann, um das Pad aus und wieder anzuschalten.<\/p>\n\n\n\n<p>Zun\u00e4chst herausfinden, um was f\u00fcr ein Ger\u00e4t es sich handelt &#8211; hier anhand meines alten Laptops einer relativ bekannten Marke<\/p>\n\n\n\n<pre class=\"wp-block-code has-text-color\" style=\"color:#fd0000\"><code>xinput list\n\n\u23a1 Virtual core pointer                          id=2    &#91;master pointer  (3)]\n\u239c   \u21b3 Virtual core XTEST pointer                id=4    &#91;slave  pointer  (2)]\n\u239c   \u21b3 MOSART Semi. 2.4G Wireless Mouse          id=11   &#91;slave  pointer  (2)]\n\u239c   \u21b3 DELL081B:00 044E:120A Mouse               id=12   &#91;slave  pointer  (2)]\n<strong><mark style=\"background-color:rgba(0, 0, 0, 0);color:#f70000\" class=\"has-inline-color\">\u239c   \u21b3 DELL081B:00 044E:120A Touchpad            id=13<\/mark><\/strong>   &#91;slave  pointer  (2)]\n\u23a3 Virtual core keyboard                         id=3    &#91;master keyboard (2)]\n    \u21b3 Virtual core XTEST keybo..........\n<\/code><\/pre>\n\n\n\n<p>Hieraus ergibt sich folgende Prozedur zum Switchen, das Script kann z.B. als tswitch.sh abgespeichert werden und der Tastenkombination Strg+Alt+Umschalt+Y zugeordnet werden:<\/p>\n\n\n\n<pre class=\"wp-block-code\"><code>#!\/bin\/bash\nif &#91; $(xinput list-props \"DELL081B:00 044E:120A Touchpad\" | grep 'Device Enabled' | gawk -F ':' '{ print $2 }') -eq 0 ]; then\nxinput enable \"DELL081B:00 044E:120A Touchpad\"\nnotify-send --icon=\/usr\/share\/icons\/mate\/scalable\/actions\/touchpad-enabled.svg \"Enabled\" \"Your computer's touchpad is enabled.\"\nelse\nxinput disable \"DELL081B:00 044E:120A Touchpad\"\nnotify-send --icon=\/usr\/share\/icons\/mate\/scalable\/actions\/touchpad-disabled.svg \"Disabled\" \"Your computer's touchpad is disabled.\"\nfi<\/code><\/pre>\n","protected":false},"excerpt":{"rendered":"<p>Touchpads k\u00f6nnen sich sehr st\u00f6rend verhalten. Deshalb habe ich ein kleines Script erstellt, das man per KDE\/Plasma-Kurzbefehl ausf\u00fchren kann, um das Pad aus und wieder anzuschalten. Zun\u00e4chst herausfinden, um was f\u00fcr ein Ger\u00e4t es sich handelt &#8211; hier anhand meines <a class=\"more-link\" href=\"https:\/\/pcmacb.de\/?page_id=954\">weiterlesen&#8230;<\/a><\/p>\n","protected":false},"author":3,"featured_media":0,"parent":0,"menu_order":0,"comment_status":"closed","ping_status":"closed","template":"","meta":{"_lmt_disableupdate":"","_lmt_disable":"","footnotes":""},"class_list":["post-954","page","type-page","status-publish","hentry"],"_links":{"self":[{"href":"https:\/\/pcmacb.de\/index.php?rest_route=\/wp\/v2\/pages\/954","targetHints":{"allow":["GET"]}}],"collection":[{"href":"https:\/\/pcmacb.de\/index.php?rest_route=\/wp\/v2\/pages"}],"about":[{"href":"https:\/\/pcmacb.de\/index.php?rest_route=\/wp\/v2\/types\/page"}],"author":[{"embeddable":true,"href":"https:\/\/pcmacb.de\/index.php?rest_route=\/wp\/v2\/users\/3"}],"replies":[{"embeddable":true,"href":"https:\/\/pcmacb.de\/index.php?rest_route=%2Fwp%2Fv2%2Fcomments&post=954"}],"version-history":[{"count":1,"href":"https:\/\/pcmacb.de\/index.php?rest_route=\/wp\/v2\/pages\/954\/revisions"}],"predecessor-version":[{"id":955,"href":"https:\/\/pcmacb.de\/index.php?rest_route=\/wp\/v2\/pages\/954\/revisions\/955"}],"wp:attachment":[{"href":"https:\/\/pcmacb.de\/index.php?rest_route=%2Fwp%2Fv2%2Fmedia&parent=954"}],"curies":[{"name":"wp","href":"https:\/\/api.w.org\/{rel}","templated":true}]}}